{"id":2736,"date":"2021-05-05T15:07:50","date_gmt":"2021-05-05T21:07:50","guid":{"rendered":"https:\/\/duwest.com\/?page_id=2736"},"modified":"2021-05-05T15:07:50","modified_gmt":"2021-05-05T21:07:50","slug":"linea-de-etica","status":"publish","type":"page","link":"https:\/\/duwest.com\/el-salvador\/linea-de-etica\/","title":{"rendered":"L\u00ednea de \u00c9tica"},"content":{"rendered":"<div id='linea-etica'  class='avia-section main_color avia-section-default avia-no-border-styling  avia-bg-style-scroll  avia-builder-el-0  el_before_av_section  avia-builder-el-first   container_wrap fullsize' style=' '  ><div class='container' ><main  role=\"main\" itemprop=\"mainContentOfPage\"  class='template-page content  av-content-full alpha units'><div class='post-entry post-entry-type-page post-entry-2736'><div class='entry-content-wrapper clearfix'>\n<div class=\"flex_column av_one_third  flex_column_div av-zero-column-padding first  avia-builder-el-1  el_before_av_one_third  avia-builder-el-first  \" style='border-radius:0px; '><\/div><div class=\"flex_column av_one_third  av-animated-generic fade-in  flex_column_div av-zero-column-padding   avia-builder-el-2  el_after_av_one_third  el_before_av_one_third  \" style='border-radius:0px; '><div  class='avia-image-container  av-styling-    avia-builder-el-3  avia-builder-el-no-sibling  avia-align-center '  itemprop=\"image\" itemscope=\"itemscope\" itemtype=\"https:\/\/schema.org\/ImageObject\"  ><div class='avia-image-container-inner'><div class='avia-image-overlay-wrap'><img class='wp-image-1210 avia-img-lazy-loading-not-1210 avia_image' src=\"https:\/\/duwest.com\/el-salvador\/wp-content\/uploads\/sites\/5\/2021\/01\/Logo-Li\u0301nea-de-Etica.jpg\" alt='' title='Logo-Li\u0301nea-de-Etica' height=\"210\" width=\"450\"  itemprop=\"thumbnailUrl\" srcset=\"https:\/\/duwest.com\/el-salvador\/wp-content\/uploads\/sites\/5\/2021\/01\/Logo-Li\u0301nea-de-Etica.jpg 450w, https:\/\/duwest.com\/el-salvador\/wp-content\/uploads\/sites\/5\/2021\/01\/Logo-Li\u0301nea-de-Etica-300x140.jpg 300w\" sizes=\"(max-width: 450px) 100vw, 450px\" \/><\/div><\/div><\/div><\/div><div class=\"flex_column av_one_third  flex_column_div av-zero-column-padding   avia-builder-el-4  el_after_av_one_third  avia-builder-el-last  \" style='border-radius:0px; '><\/div>\n\n<\/div><\/div><\/main><!-- close content main element --><\/div><\/div><div id='av_section_2'  class='avia-section main_color avia-section-default avia-no-border-styling  avia-bg-style-scroll  avia-builder-el-5  el_after_av_section  el_before_av_section   container_wrap fullsize' style=' '  ><div class='container' ><div class='template-page content  av-content-full alpha units'><div class='post-entry post-entry-type-page post-entry-2736'><div class='entry-content-wrapper clearfix'>\n<div class=\"flex_column av_one_half  flex_column_div av-zero-column-padding first  avia-builder-el-6  el_before_av_one_half  avia-builder-el-first  \" style='border-radius:0px; '><section class=\"av_textblock_section \"  itemscope=\"itemscope\" itemtype=\"https:\/\/schema.org\/CreativeWork\" ><div class='avia_textblock  '   itemprop=\"text\" ><h2><span style=\"color: #339966\">\u00bfQu\u00e9 es la L\u00ednea \u00c9tica?<\/span><\/h2>\n<p><span style=\"color: #808080\">La l\u00ednea \u00e9tica, es el medio de denuncia establecido por el Grupo Duwest, para que los colaboradores de la corporaci\u00f3n o las personas externas a la misma, puedan informar a la organizaci\u00f3n la ocurrencia de conductas irregulares evidenciadas en el ejercicio de las actividades propias del objeto social, siempre que las mismas est\u00e9n en contra de los principios, deberes, y valores relacionados con la \u00e9tica corporativa que deben ser observados por los empleados de la organizaci\u00f3n o por las personas que presten servicios para la misma.<\/span><\/p>\n<h2><span style=\"color: #339966\">\u00bfC\u00f3mo Funciona?<\/span><\/h2>\n<p><span style=\"color: #808080\">La l\u00ednea \u00e9tica, es un buz\u00f3n de correo electr\u00f3nico que es verificado por varios ejecutivos del Grupo Duwest mediante el cual los clientes internos y externos (a trav\u00e9s de la pagina web) de la organizaci\u00f3n, podr\u00e1n denunciar virtualmente de manera libre, an\u00f3nima y respetuosa, las conductas que consideren que van en contra de la \u00e9tica organizacional. Las denuncias quedan guardadas y registradas, para que la compa\u00f1ia efect\u00fae su an\u00e1lisis e inicie las investigaciones administrativas que sean del caso.<\/span><\/p>\n<h2><span style=\"color: #339966\">\u00bfQui\u00e9nes pueden utilizar la L\u00ednea \u00c9tica?<\/span><\/h2>\n<p><span style=\"color: #808080\">Colaboradores del Grupo Duwest<\/span><br \/>\n<span style=\"color: #808080\"> Accionistas Afiliados, clientes, consumidores, proveedores, o cualquier persona que evidencie conductas fraudulentas o en contra de la \u00e9tica corporativa.<\/span><br \/>\n<span style=\"color: #808080\"> Los usuarios de la l\u00ednea \u00e9tica, podr\u00e1n identificarse o permanecer en el anonimato, y si lo desean tendr\u00e1n la opci\u00f3n dejar sus datos personales en el correo electr\u00f3nico, en caso de que deseen ampliar las denuncias efectuadas por los mismos. La identidad de las personas que suministran la informaci\u00f3n, se mantendr\u00e1 bajo absoluta reserva.<\/span><br \/>\n<span style=\"color: #808080\"> Los usuarios de la l\u00ednea \u00e9tica, deber\u00e1n procurar entregar la mayor informaci\u00f3n posible, pues as\u00ed se facilita la investigaci\u00f3n administrativa interna y la conclusi\u00f3n satisfactoria de la misma.<\/span><\/p>\n<\/div><\/section><\/div><div class=\"flex_column av_one_half  flex_column_div av-zero-column-padding   avia-builder-el-8  el_after_av_one_half  avia-builder-el-last  \" style='border-radius:0px; '><section class=\"av_textblock_section \"  itemscope=\"itemscope\" itemtype=\"https:\/\/schema.org\/CreativeWork\" ><div class='avia_textblock  '   itemprop=\"text\" ><h2><span style=\"color: #008000\">Formulario de Denuncias<\/span><\/h2>\n<h4><span style=\"color: #808080\"> \u00bfQu\u00e9 conductas se pueden denunciar por la L\u00ednea \u00c9tica?<\/span><\/h4>\n<p><span style=\"color: #808080\">Cualquier conducta o actividad que contravenga las normas del C\u00f3digo de \u00c9tica en los negocios de la Compa\u00f1\u00eda.<\/span><\/p>\n<\/div><\/section><br \/>\n<div  style='height:10px' class='hr hr-invisible   avia-builder-el-10  el_after_av_textblock  el_before_av_textblock '><span class='hr-inner ' ><span class='hr-inner-style'><\/span><\/span><\/div><br \/>\n<section class=\"av_textblock_section \"  itemscope=\"itemscope\" itemtype=\"https:\/\/schema.org\/CreativeWork\" ><div class='avia_textblock  '   itemprop=\"text\" ><div role=\"form\" class=\"wpcf7\" id=\"wpcf7-f1307-o1\" lang=\"es-ES\" dir=\"ltr\">\n<div class=\"screen-reader-response\"><p role=\"status\" aria-live=\"polite\" aria-atomic=\"true\"><\/p> <ul><\/ul><\/div>\n<form action=\"\/el-salvador\/wp-json\/wp\/v2\/pages\/2736#wpcf7-f1307-o1\" method=\"post\" class=\"wpcf7-form init\" novalidate=\"novalidate\" data-status=\"init\">\n<div style=\"display: none;\">\n<input type=\"hidden\" name=\"_wpcf7\" value=\"1307\" \/>\n<input type=\"hidden\" name=\"_wpcf7_version\" value=\"5.5.4\" \/>\n<input type=\"hidden\" name=\"_wpcf7_locale\" value=\"es_ES\" \/>\n<input type=\"hidden\" name=\"_wpcf7_unit_tag\" value=\"wpcf7-f1307-o1\" \/>\n<input type=\"hidden\" name=\"_wpcf7_container_post\" value=\"0\" \/>\n<input type=\"hidden\" name=\"_wpcf7_posted_data_hash\" value=\"\" \/>\n<input type=\"hidden\" name=\"_wpcf7_recaptcha_response\" value=\"\" \/>\n<\/div>\n<p><span class=\"wpcf7-form-control-wrap your-name\"><input type=\"text\" name=\"your-name\" value=\"\" size=\"40\" class=\"wpcf7-form-control wpcf7-text wpcf7-validates-as-required\" id=\"nombre\" aria-required=\"true\" aria-invalid=\"false\" placeholder=\"Nombre o Alias\" \/><\/span><span class=\"wpcf7-form-control-wrap your-message\"><textarea name=\"your-message\" cols=\"4\" rows=\"3\" class=\"wpcf7-form-control wpcf7-textarea wpcf7-validates-as-required\" aria-required=\"true\" aria-invalid=\"false\" placeholder=\"Comentario\"><\/textarea><\/span><input type=\"submit\" value=\"Enviar mensaje\" class=\"wpcf7-form-control has-spinner wpcf7-submit button\" \/><\/p>\n<div class=\"wpcf7-response-output\" aria-hidden=\"true\"><\/div><\/form><\/div>\n<\/div><\/section><\/p><\/div>\n\n<\/div><\/div><\/div><!-- close content main div --><\/div><\/div><div id='codigo-de-etica'  class='avia-section main_color avia-section-default avia-no-border-styling  avia-bg-style-scroll  avia-builder-el-12  el_after_av_section  avia-builder-el-last   container_wrap fullsize' style=' '  ><div class='container' ><div class='template-page content  av-content-full alpha units'><div class='post-entry post-entry-type-page post-entry-2736'><div class='entry-content-wrapper clearfix'>\n<section class=\"av_textblock_section \"  itemscope=\"itemscope\" itemtype=\"https:\/\/schema.org\/CreativeWork\" ><div class='avia_textblock  '   itemprop=\"text\" ><h1 style=\"text-align: center\">C\u00d3DIGO DE \u00c9TICA<\/h1>\n<\/div><\/section>\n<section class=\"av_textblock_section \"  itemscope=\"itemscope\" itemtype=\"https:\/\/schema.org\/CreativeWork\" ><div class='avia_textblock  '   itemprop=\"text\" ><p>Conducimos nuestros negocios de acuerdo a las normas de \u00e9tica m\u00e1s elevadas. Dentro del Grupo Duwest llevamos muy en serio la \u00e9tica y el Cumplimiento. Nos adherimos a los m\u00e1s altos est\u00e1ndares de honestidad, integridad, \u00e9tica, cumplimiento de leyes y normas cuando operamos con nuestros clientes, proveedores y comunidades.<\/p>\n<p><strong>C\u00f3digo de \u00c9tica y Conducta en los Negocios<\/strong><\/p>\n<p>El c\u00f3digo de \u00e9tica y Conducta en los Negocios es una publicaci\u00f3n que resume las normas espec\u00edficas y procedimientos administrativos que los colaboradores deben conocer y cumplir en su trabajo cotidiano. Contiene los principios \u00e9ticos necesarios para alinearnos a los est\u00e1ndares de la organizaci\u00f3n.<\/p>\n<\/div><\/section>\n\n","protected":false},"excerpt":{"rendered":"","protected":false},"author":3,"featured_media":0,"parent":0,"menu_order":0,"comment_status":"closed","ping_status":"closed","template":"","meta":[],"_links":{"self":[{"href":"https:\/\/duwest.com\/el-salvador\/wp-json\/wp\/v2\/pages\/2736"}],"collection":[{"href":"https:\/\/duwest.com\/el-salvador\/wp-json\/wp\/v2\/pages"}],"about":[{"href":"https:\/\/duwest.com\/el-salvador\/wp-json\/wp\/v2\/types\/page"}],"author":[{"embeddable":true,"href":"https:\/\/duwest.com\/el-salvador\/wp-json\/wp\/v2\/users\/3"}],"replies":[{"embeddable":true,"href":"https:\/\/duwest.com\/el-salvador\/wp-json\/wp\/v2\/comments?post=2736"}],"version-history":[{"count":0,"href":"https:\/\/duwest.com\/el-salvador\/wp-json\/wp\/v2\/pages\/2736\/revisions"}],"wp:attachment":[{"href":"https:\/\/duwest.com\/el-salvador\/wp-json\/wp\/v2\/media?parent=2736"}],"curies":[{"name":"wp","href":"https:\/\/api.w.org\/{rel}","templated":true}]}}