{"id":1253,"date":"2021-01-18T18:48:00","date_gmt":"2021-01-18T18:48:00","guid":{"rendered":"https:\/\/duwest.com\/?post_type=product&amp;p=1253"},"modified":"2021-01-18T18:48:00","modified_gmt":"2021-01-18T18:48:00","slug":"paraquat-criollo-20-sl","status":"publish","type":"product","link":"https:\/\/duwest.com\/el-salvador\/product\/herbicidas\/paraquat-criollo-20-sl\/","title":{"rendered":"Paraquat Criollo 20 SL"},"content":{"rendered":"<div id='title-bg'  class='avia-section main_color avia-section-small avia-no-border-styling  avia-bg-style-scroll  avia-builder-el-0  el_before_av_section  avia-builder-el-first   container_wrap fullsize' style='background-color: #35a211;  '  ><div class='container' ><main  role=\"main\" itemprop=\"mainContentOfPage\"  class='template-page content  av-content-full alpha units'><div class='post-entry post-entry-type-page post-entry-1253'><div class='entry-content-wrapper clearfix'>\n<div  style='padding-bottom:0px; color:#ffffff;' class='av-special-heading av-special-heading-h2 custom-color-heading blockquote modern-quote modern-centered  avia-builder-el-1  avia-builder-el-no-sibling  '><h2 class='av-special-heading-tag '  itemprop=\"headline\"  >Nuestros Productos<\/h2><div class='special-heading-border'><div class='special-heading-inner-border' style='border-color:#ffffff'><\/div><\/div><\/div>\n\n<\/div><\/div><\/main><!-- close content main element --><\/div><\/div><div id='body-product'  class='avia-section main_color avia-section-small avia-no-border-styling  avia-bg-style-scroll  avia-builder-el-2  el_after_av_section  avia-builder-el-last   container_wrap fullsize' style=' '  ><div class='container' ><div class='template-page content  av-content-full alpha units'><div class='post-entry post-entry-type-page post-entry-1253'><div class='entry-content-wrapper clearfix'>\n<div class='flex_column_table av-equal-height-column-flextable -flextable' ><div class=\"flex_column av_one_half  flex_column_table_cell av-equal-height-column av-align-middle av-zero-column-padding first  avia-builder-el-3  el_before_av_one_half  avia-builder-el-first  \" style='border-radius:0px; '><div  class='avia-image-container  av-styling-    avia-builder-el-4  avia-builder-el-no-sibling  avia-align-center '  itemprop=\"image\" itemscope=\"itemscope\" itemtype=\"https:\/\/schema.org\/ImageObject\"  ><div class='avia-image-container-inner'><div class='avia-image-overlay-wrap'><img class='wp-image-2339 avia-img-lazy-loading-not-2339 avia_image' src=\"https:\/\/duwest.com\/el-salvador\/wp-content\/uploads\/sites\/5\/2021\/01\/Paraquat-Criollo-1.jpg\" alt='' title='Paraquat Criollo' height=\"1000\" width=\"1000\"  itemprop=\"thumbnailUrl\" srcset=\"https:\/\/duwest.com\/el-salvador\/wp-content\/uploads\/sites\/5\/2021\/01\/Paraquat-Criollo-1.jpg 1000w, https:\/\/duwest.com\/el-salvador\/wp-content\/uploads\/sites\/5\/2021\/01\/Paraquat-Criollo-1-300x300.jpg 300w, https:\/\/duwest.com\/el-salvador\/wp-content\/uploads\/sites\/5\/2021\/01\/Paraquat-Criollo-1-80x80.jpg 80w, https:\/\/duwest.com\/el-salvador\/wp-content\/uploads\/sites\/5\/2021\/01\/Paraquat-Criollo-1-768x768.jpg 768w, https:\/\/duwest.com\/el-salvador\/wp-content\/uploads\/sites\/5\/2021\/01\/Paraquat-Criollo-1-36x36.jpg 36w, https:\/\/duwest.com\/el-salvador\/wp-content\/uploads\/sites\/5\/2021\/01\/Paraquat-Criollo-1-180x180.jpg 180w, https:\/\/duwest.com\/el-salvador\/wp-content\/uploads\/sites\/5\/2021\/01\/Paraquat-Criollo-1-705x705.jpg 705w\" sizes=\"(max-width: 1000px) 100vw, 1000px\" \/><\/div><\/div><\/div><\/div><div class='av-flex-placeholder'><\/div><div class=\"flex_column av_one_half  flex_column_table_cell av-equal-height-column av-align-middle av-zero-column-padding   avia-builder-el-5  el_after_av_one_half  avia-builder-el-last  \" style='border-radius:0px; '><section class=\"av_textblock_section \"  itemscope=\"itemscope\" itemtype=\"https:\/\/schema.org\/CreativeWork\" ><div class='avia_textblock  '   itemprop=\"text\" ><h3>PARAQUAT CRIOLLO 20 SL<\/h3>\n<p><strong>INGREDIENTE ACTIVO:<\/strong><\/p>\n<p>PARAQUAT 20 %<\/p>\n<p><strong>DESCRIPCI\u00d3N:<\/strong><\/p>\n<p>Paraquat Criollo 20 SL es un herbicida de contacto post-emergente que act\u00faa en todos los tejidos vegetales verdes y es particularmente activo contra las gram\u00edneas anuales y malezas de hoja ancha. Paraquat Criollo 20 SL necesita de la fotos\u00edntesis activa para manifestar su efecto herbicida, que se caracteriza por el colapso de la estructura celular y la desecaci\u00f3n. En condiciones c\u00e1lidas y soleadas, la actividad herbicida se desarrolla en unas pocas horas. En condiciones nubladas o hacia el fin del d\u00eda, la acci\u00f3n se hace m\u00e1s lenta pero m\u00e1s efectiva. Paraquat Criollo 20 SL, puede aplicarse en pre y post siembra.<\/p>\n<p><strong>PRESENTACIONES:<\/strong><\/p>\n<p>500mL, 1L, 3.5L, 18L, 200L<\/p>\n<p><strong>CULTIVOS:<\/strong><\/p>\n<p>Caf\u00e9, Banano, Ma\u00edz, Sorgo, Frijol, Papa, Arroz, Ca\u00f1a de Az\u00facar, C\u00edtricos, Hule, Palma Africana, Manzana, Pera.<\/p>\n<\/div><\/section><br \/>\n<div  style='height:30px' class='hr hr-invisible   avia-builder-el-7  el_after_av_textblock  el_before_av_button '><span class='hr-inner ' ><span class='hr-inner-style'><\/span><\/span><\/div><br \/>\n<div  class='avia-button-wrap avia-button-left  avia-builder-el-8  el_after_av_hr  el_before_av_button ' ><a href='https:\/\/duwest.com\/cotizar\/?producto=Paraquat Criollo 20 SL'  class='avia-button  avia-color-theme-color   avia-icon_select-no avia-size-small avia-position-left '   ><span class='avia_iconbox_title' >Pide m\u00e1s informaci\u00f3n de este producto aqu\u00ed.<\/span><\/a><\/div><br \/>\n<div  class='avia-button-wrap avia-button-left  avia-builder-el-9  el_after_av_button  el_before_av_button ' ><a href='https:\/\/duwest.com\/wp-content\/uploads\/2021\/02\/DFU_ParaquatCriollo20SL.pdf' class='avia-button   avia-icon_select-yes-left-icon avia-size-small avia-position-left ' target=\"_blank\" rel=\"noopener noreferrer\" style='background-color:#0071bc; border-color:#0071bc; color:#ffffff; '><span class='avia_button_icon avia_button_icon_left ' aria-hidden='true' data-av_icon='\ue82d' data-av_iconfont='entypo-fontello'><\/span><span class='avia_iconbox_title' >Ver Panfleto<\/span><\/a><\/div><br \/>\n<div  class='avia-button-wrap avia-button-left  avia-builder-el-10  el_after_av_button  avia-builder-el-last ' ><a href='https:\/\/duwest.com\/wp-content\/uploads\/2021\/03\/HT_ParaquatCriollo20SL.pdf' class='avia-button   avia-icon_select-yes-left-icon avia-size-small avia-position-left ' target=\"_blank\" rel=\"noopener noreferrer\" style='background-color:#b2b2b2; border-color:#b2b2b2; color:#ffffff; '><span class='avia_button_icon avia_button_icon_left ' aria-hidden='true' data-av_icon='\ue83e' data-av_iconfont='entypo-fontello'><\/span><span class='avia_iconbox_title' >Ver hoja de seguridad<\/span><\/a><\/div><\/p><\/div><\/div><!--close column table wrapper. Autoclose: 1 -->\n","protected":false},"excerpt":{"rendered":"","protected":false},"author":2,"featured_media":2339,"parent":1238,"menu_order":0,"comment_status":"open","ping_status":"open","template":"","format":"standard","meta":[],"tags":[47,48,33,66,36,40,112,84,85,101,113,22,114,108],"protecciondecultivos":[104],"_links":{"self":[{"href":"https:\/\/duwest.com\/el-salvador\/wp-json\/wp\/v2\/product\/1253"}],"collection":[{"href":"https:\/\/duwest.com\/el-salvador\/wp-json\/wp\/v2\/product"}],"about":[{"href":"https:\/\/duwest.com\/el-salvador\/wp-json\/wp\/v2\/types\/product"}],"author":[{"embeddable":true,"href":"https:\/\/duwest.com\/el-salvador\/wp-json\/wp\/v2\/users\/2"}],"replies":[{"embeddable":true,"href":"https:\/\/duwest.com\/el-salvador\/wp-json\/wp\/v2\/comments?post=1253"}],"version-history":[{"count":0,"href":"https:\/\/duwest.com\/el-salvador\/wp-json\/wp\/v2\/product\/1253\/revisions"}],"up":[{"embeddable":true,"href":"https:\/\/duwest.com\/el-salvador\/wp-json\/wp\/v2\/product\/1238"}],"wp:featuredmedia":[{"embeddable":true,"href":"https:\/\/duwest.com\/el-salvador\/wp-json\/wp\/v2\/media\/2339"}],"wp:attachment":[{"href":"https:\/\/duwest.com\/el-salvador\/wp-json\/wp\/v2\/media?parent=1253"}],"wp:term":[{"taxonomy":"post_tag","embeddable":true,"href":"https:\/\/duwest.com\/el-salvador\/wp-json\/wp\/v2\/tags?post=1253"},{"taxonomy":"protecciondecultivos","embeddable":true,"href":"https:\/\/duwest.com\/el-salvador\/wp-json\/wp\/v2\/protecciondecultivos?post=1253"}],"curies":[{"name":"wp","href":"https:\/\/api.w.org\/{rel}","templated":true}]}}