{"id":1386,"date":"2021-01-19T15:42:50","date_gmt":"2021-01-19T15:42:50","guid":{"rendered":"https:\/\/duwest.com\/?post_type=product&amp;p=1386"},"modified":"2021-01-19T15:42:50","modified_gmt":"2021-01-19T15:42:50","slug":"p4226-pioneer","status":"publish","type":"product","link":"https:\/\/duwest.com\/el-salvador\/product\/semillas\/p4226-pioneer\/","title":{"rendered":"P3966W &#8211; Pioneer"},"content":{"rendered":"<div id='title-bg'  class='avia-section main_color avia-section-small avia-no-border-styling  avia-bg-style-scroll  avia-builder-el-0  el_before_av_section  avia-builder-el-first   container_wrap fullsize' style='background-color: #35a211;  '  ><div class='container' ><main  role=\"main\" itemprop=\"mainContentOfPage\"  class='template-page content  av-content-full alpha units'><div class='post-entry post-entry-type-page post-entry-1386'><div class='entry-content-wrapper clearfix'>\n<div  style='padding-bottom:0px; color:#ffffff;' class='av-special-heading av-special-heading-h2 custom-color-heading blockquote modern-quote modern-centered  avia-builder-el-1  avia-builder-el-no-sibling  '><h2 class='av-special-heading-tag '  itemprop=\"headline\"  >Nuestros Productos<\/h2><div class='special-heading-border'><div class='special-heading-inner-border' style='border-color:#ffffff'><\/div><\/div><\/div>\n\n<\/div><\/div><\/main><!-- close content main element --><\/div><\/div><div id='body-product'  class='avia-section main_color avia-section-small avia-no-border-styling  avia-bg-style-scroll  avia-builder-el-2  el_after_av_section  avia-builder-el-last   container_wrap fullsize' style=' '  ><div class='container' ><div class='template-page content  av-content-full alpha units'><div class='post-entry post-entry-type-page post-entry-1386'><div class='entry-content-wrapper clearfix'>\n<div class='flex_column_table av-equal-height-column-flextable -flextable' ><div class=\"flex_column av_one_half  flex_column_table_cell av-equal-height-column av-align-middle av-zero-column-padding first  avia-builder-el-3  el_before_av_one_half  avia-builder-el-first  \" style='border-radius:0px; '><div  class='avia-image-container  av-styling-    avia-builder-el-4  avia-builder-el-no-sibling  avia-align-center '  itemprop=\"image\" itemscope=\"itemscope\" itemtype=\"https:\/\/schema.org\/ImageObject\"  ><div class='avia-image-container-inner'><div class='avia-image-overlay-wrap'><img class='wp-image-2398 avia-img-lazy-loading-not-2398 avia_image' src=\"https:\/\/duwest.com\/el-salvador\/wp-content\/uploads\/sites\/5\/2021\/01\/P3966W.jpg\" alt='' title='P3966W' height=\"1000\" width=\"1000\"  itemprop=\"thumbnailUrl\" srcset=\"https:\/\/duwest.com\/el-salvador\/wp-content\/uploads\/sites\/5\/2021\/01\/P3966W.jpg 1000w, https:\/\/duwest.com\/el-salvador\/wp-content\/uploads\/sites\/5\/2021\/01\/P3966W-300x300.jpg 300w, https:\/\/duwest.com\/el-salvador\/wp-content\/uploads\/sites\/5\/2021\/01\/P3966W-80x80.jpg 80w, https:\/\/duwest.com\/el-salvador\/wp-content\/uploads\/sites\/5\/2021\/01\/P3966W-768x768.jpg 768w, https:\/\/duwest.com\/el-salvador\/wp-content\/uploads\/sites\/5\/2021\/01\/P3966W-36x36.jpg 36w, https:\/\/duwest.com\/el-salvador\/wp-content\/uploads\/sites\/5\/2021\/01\/P3966W-180x180.jpg 180w, https:\/\/duwest.com\/el-salvador\/wp-content\/uploads\/sites\/5\/2021\/01\/P3966W-705x705.jpg 705w\" sizes=\"(max-width: 1000px) 100vw, 1000px\" \/><\/div><\/div><\/div><\/div><div class='av-flex-placeholder'><\/div><div class=\"flex_column av_one_half  flex_column_table_cell av-equal-height-column av-align-middle av-zero-column-padding   avia-builder-el-5  el_after_av_one_half  avia-builder-el-last  \" style='border-radius:0px; '><section class=\"av_textblock_section \"  itemscope=\"itemscope\" itemtype=\"https:\/\/schema.org\/CreativeWork\" ><div class='avia_textblock  '   itemprop=\"text\" ><h3>P3966W &#8211; PIONEER<\/h3>\n<p><strong>FORTALEZAS:<br \/>\n<\/strong>Alto potencial productivo, excelente calidad de grano, mazorca muy expresiva y cantidad sobresaliente de hileras por mazorca.<\/p>\n<p>Zonas recomendadas Costa Sur, Zona Central y Regi\u00f3n Norte<\/p>\n<p>Poblaci\u00f3n en miles de plantas\/manzana a una distancia entre surcos de:<\/p>\n<p>80-85 cm: 42 000 a 45 500<\/p>\n<p>Ciclo Intermedio<\/p>\n<p>D\u00edas para floraci\u00f3n 54-59<\/p>\n<p>D\u00edas para cosecha 128-138<\/p>\n<p>Altura de planta 2,9 m<\/p>\n<p>Altura de mazorca 1,4 m<\/p>\n<\/div><\/section><br \/>\n<div  style='height:30px' class='hr hr-invisible   avia-builder-el-7  el_after_av_textblock  el_before_av_button '><span class='hr-inner ' ><span class='hr-inner-style'><\/span><\/span><\/div><br \/>\n<div  class='avia-button-wrap avia-button-left  avia-builder-el-8  el_after_av_hr  el_before_av_button ' ><a href='https:\/\/duwest.com\/cotizar\/?producto=P4226 - Pioneer'  class='avia-button  avia-color-theme-color   avia-icon_select-no avia-size-small avia-position-left '   ><span class='avia_iconbox_title' >Pide m\u00e1s informaci\u00f3n de este producto aqu\u00ed.<\/span><\/a><\/div><br \/>\n<div  class='avia-button-wrap avia-button-left  avia-builder-el-9  el_after_av_button  avia-builder-el-last ' ><a href='https:\/\/duwest.com\/wp-content\/uploads\/2021\/02\/DFU_P3966W.pdf' class='avia-button   avia-icon_select-yes-left-icon avia-size-small avia-position-left ' target=\"_blank\" rel=\"noopener noreferrer\" style='background-color:#0071bc; border-color:#0071bc; color:#ffffff; '><span class='avia_button_icon avia_button_icon_left ' aria-hidden='true' data-av_icon='\ue82d' data-av_iconfont='entypo-fontello'><\/span><span class='avia_iconbox_title' >Ver Panfleto<\/span><\/a><\/div><\/p><\/div><\/div><!--close column table wrapper. Autoclose: 1 -->\n","protected":false},"excerpt":{"rendered":"","protected":false},"author":2,"featured_media":2398,"parent":1276,"menu_order":0,"comment_status":"open","ping_status":"open","template":"","format":"standard","meta":[],"tags":[84,85],"protecciondecultivos":[141],"_links":{"self":[{"href":"https:\/\/duwest.com\/el-salvador\/wp-json\/wp\/v2\/product\/1386"}],"collection":[{"href":"https:\/\/duwest.com\/el-salvador\/wp-json\/wp\/v2\/product"}],"about":[{"href":"https:\/\/duwest.com\/el-salvador\/wp-json\/wp\/v2\/types\/product"}],"author":[{"embeddable":true,"href":"https:\/\/duwest.com\/el-salvador\/wp-json\/wp\/v2\/users\/2"}],"replies":[{"embeddable":true,"href":"https:\/\/duwest.com\/el-salvador\/wp-json\/wp\/v2\/comments?post=1386"}],"version-history":[{"count":0,"href":"https:\/\/duwest.com\/el-salvador\/wp-json\/wp\/v2\/product\/1386\/revisions"}],"up":[{"embeddable":true,"href":"https:\/\/duwest.com\/el-salvador\/wp-json\/wp\/v2\/product\/1276"}],"wp:featuredmedia":[{"embeddable":true,"href":"https:\/\/duwest.com\/el-salvador\/wp-json\/wp\/v2\/media\/2398"}],"wp:attachment":[{"href":"https:\/\/duwest.com\/el-salvador\/wp-json\/wp\/v2\/media?parent=1386"}],"wp:term":[{"taxonomy":"post_tag","embeddable":true,"href":"https:\/\/duwest.com\/el-salvador\/wp-json\/wp\/v2\/tags?post=1386"},{"taxonomy":"protecciondecultivos","embeddable":true,"href":"https:\/\/duwest.com\/el-salvador\/wp-json\/wp\/v2\/protecciondecultivos?post=1386"}],"curies":[{"name":"wp","href":"https:\/\/api.w.org\/{rel}","templated":true}]}}