{"id":2964,"date":"2021-08-04T20:56:30","date_gmt":"2021-08-04T20:56:30","guid":{"rendered":"https:\/\/duwest.com\/el-salvador\/?post_type=product&#038;p=2964"},"modified":"2021-08-05T02:03:16","modified_gmt":"2021-08-05T02:03:16","slug":"fumixin-57-ge","status":"publish","type":"product","link":"https:\/\/duwest.com\/el-salvador\/product\/insecticidas\/fumixin-57-ge\/","title":{"rendered":"Fumixin 57 GE"},"content":{"rendered":"<div id='title-bg'  class='avia-section main_color avia-section-small avia-no-border-styling  avia-bg-style-scroll  avia-builder-el-0  el_before_av_section  avia-builder-el-first   container_wrap fullsize' style='background-color: #35a211;  '  ><div class='container' ><main  role=\"main\" itemprop=\"mainContentOfPage\"  class='template-page content  av-content-full alpha units'><div class='post-entry post-entry-type-page post-entry-2964'><div class='entry-content-wrapper clearfix'>\n<div  style='padding-bottom:0px; color:#ffffff;' class='av-special-heading av-special-heading-h2 custom-color-heading blockquote modern-quote modern-centered  avia-builder-el-1  avia-builder-el-no-sibling  '><h2 class='av-special-heading-tag '  itemprop=\"headline\"  >Nuestros Productos<\/h2><div class='special-heading-border'><div class='special-heading-inner-border' style='border-color:#ffffff'><\/div><\/div><\/div>\n\n<\/div><\/div><\/main><!-- close content main element --><\/div><\/div><div id='body-product'  class='avia-section main_color avia-section-small avia-no-border-styling  avia-bg-style-scroll  avia-builder-el-2  el_after_av_section  avia-builder-el-last   container_wrap fullsize' style=' '  ><div class='container' ><div class='template-page content  av-content-full alpha units'><div class='post-entry post-entry-type-page post-entry-2964'><div class='entry-content-wrapper clearfix'>\n<div class='flex_column_table av-equal-height-column-flextable -flextable' ><div class=\"flex_column av_one_half  flex_column_table_cell av-equal-height-column av-align-middle av-zero-column-padding first  avia-builder-el-3  el_before_av_one_half  avia-builder-el-first  \" style='border-radius:0px; '><div  class='avia-image-container  av-styling-    avia-builder-el-4  avia-builder-el-no-sibling  avia-align-center '  itemprop=\"image\" itemscope=\"itemscope\" itemtype=\"https:\/\/schema.org\/ImageObject\"  ><div class='avia-image-container-inner'><div class='avia-image-overlay-wrap'><img class='wp-image-2965 avia-img-lazy-loading-not-2965 avia_image' src=\"https:\/\/duwest.com\/el-salvador\/wp-content\/uploads\/sites\/5\/2021\/08\/Fumixin-57-GE-.jpg\" alt='' title='Fumixin 57 GE' height=\"1000\" width=\"1000\"  itemprop=\"thumbnailUrl\" srcset=\"https:\/\/duwest.com\/el-salvador\/wp-content\/uploads\/sites\/5\/2021\/08\/Fumixin-57-GE-.jpg 1000w, https:\/\/duwest.com\/el-salvador\/wp-content\/uploads\/sites\/5\/2021\/08\/Fumixin-57-GE--300x300.jpg 300w, https:\/\/duwest.com\/el-salvador\/wp-content\/uploads\/sites\/5\/2021\/08\/Fumixin-57-GE--80x80.jpg 80w, https:\/\/duwest.com\/el-salvador\/wp-content\/uploads\/sites\/5\/2021\/08\/Fumixin-57-GE--768x768.jpg 768w, https:\/\/duwest.com\/el-salvador\/wp-content\/uploads\/sites\/5\/2021\/08\/Fumixin-57-GE--36x36.jpg 36w, https:\/\/duwest.com\/el-salvador\/wp-content\/uploads\/sites\/5\/2021\/08\/Fumixin-57-GE--180x180.jpg 180w, https:\/\/duwest.com\/el-salvador\/wp-content\/uploads\/sites\/5\/2021\/08\/Fumixin-57-GE--705x705.jpg 705w\" sizes=\"(max-width: 1000px) 100vw, 1000px\" \/><\/div><\/div><\/div><\/div><div class='av-flex-placeholder'><\/div><div class=\"flex_column av_one_half  flex_column_table_cell av-equal-height-column av-align-middle av-zero-column-padding   avia-builder-el-5  el_after_av_one_half  avia-builder-el-last  \" style='border-radius:0px; '><section class=\"av_textblock_section \"  itemscope=\"itemscope\" itemtype=\"https:\/\/schema.org\/CreativeWork\" ><div class='avia_textblock  '   itemprop=\"text\" ><h3>FUMIXIN 57 GE<\/h3>\n<p><strong>INGREDIENTE ACTIVO:<\/strong><\/p>\n<p>FOSFURO DE ALUMINIO 57%<\/p>\n<p><strong>DESCRIPCI\u00d3N:<\/strong><\/p>\n<p>Es un insecticida que libera gas fosfina al entrar en contacto con la humedad del aire. La fosfina afecta los procesos metab\u00f3licos y enzim\u00e1ticos del sistema respiratorio del insecto. Inhibe la fosforilaci\u00f3n oxidativa a nivel mitocondrial, en el complejo IV de la cadena respiratoria.<\/p>\n<p><strong>PRESENTACIONES:<\/strong><\/p>\n<p>9, 405, 900 Gramos y 1 Kilogramo<\/p>\n<p><strong>CULTIVOS:<\/strong><\/p>\n<p>ma\u00edz, Cacahuate, Arroz, Frijol, Tabaco .<\/p>\n<\/div><\/section><br \/>\n<div  style='height:30px' class='hr hr-invisible   avia-builder-el-7  el_after_av_textblock  el_before_av_button '><span class='hr-inner ' ><span class='hr-inner-style'><\/span><\/span><\/div><br \/>\n<div  class='avia-button-wrap avia-button-left  avia-builder-el-8  el_after_av_hr  el_before_av_button ' ><a href='https:\/\/duwest.com\/cotizar\/?producto=Fumixin 57 GE'  class='avia-button  avia-color-theme-color   avia-icon_select-no avia-size-small avia-position-left '   ><span class='avia_iconbox_title' >Pide m\u00e1s informaci\u00f3n de este producto aqu\u00ed.<\/span><\/a><\/div><br \/>\n<div  class='avia-button-wrap avia-button-left  avia-builder-el-9  el_after_av_button  el_before_av_button ' ><a href='#' class='avia-button   avia-icon_select-yes-left-icon avia-size-small avia-position-left ' target=\"_blank\" rel=\"noopener noreferrer\" style='background-color:#0071bc; border-color:#0071bc; color:#ffffff; '><span class='avia_button_icon avia_button_icon_left ' aria-hidden='true' data-av_icon='\ue82d' data-av_iconfont='entypo-fontello'><\/span><span class='avia_iconbox_title' >Ver Panfleto<\/span><\/a><\/div><br \/>\n<div  class='avia-button-wrap avia-button-left  avia-builder-el-10  el_after_av_button  avia-builder-el-last ' ><a href='#' class='avia-button   avia-icon_select-yes-left-icon avia-size-small avia-position-left ' target=\"_blank\" rel=\"noopener noreferrer\" style='background-color:#b2b2b2; border-color:#b2b2b2; color:#ffffff; '><span class='avia_button_icon avia_button_icon_left ' aria-hidden='true' data-av_icon='\ue82d' data-av_iconfont='entypo-fontello'><\/span><span class='avia_iconbox_title' >Ver hoja de seguridad<\/span><\/a><\/div><\/p><\/div><\/div><!--close column table wrapper. Autoclose: 1 -->\n","protected":false},"excerpt":{"rendered":"","protected":false},"author":4,"featured_media":2965,"parent":1322,"menu_order":0,"comment_status":"open","ping_status":"open","template":"","format":"standard","meta":[],"tags":[47,175,40,84,25],"protecciondecultivos":[123],"_links":{"self":[{"href":"https:\/\/duwest.com\/el-salvador\/wp-json\/wp\/v2\/product\/2964"}],"collection":[{"href":"https:\/\/duwest.com\/el-salvador\/wp-json\/wp\/v2\/product"}],"about":[{"href":"https:\/\/duwest.com\/el-salvador\/wp-json\/wp\/v2\/types\/product"}],"author":[{"embeddable":true,"href":"https:\/\/duwest.com\/el-salvador\/wp-json\/wp\/v2\/users\/4"}],"replies":[{"embeddable":true,"href":"https:\/\/duwest.com\/el-salvador\/wp-json\/wp\/v2\/comments?post=2964"}],"version-history":[{"count":0,"href":"https:\/\/duwest.com\/el-salvador\/wp-json\/wp\/v2\/product\/2964\/revisions"}],"up":[{"embeddable":true,"href":"https:\/\/duwest.com\/el-salvador\/wp-json\/wp\/v2\/product\/1322"}],"wp:featuredmedia":[{"embeddable":true,"href":"https:\/\/duwest.com\/el-salvador\/wp-json\/wp\/v2\/media\/2965"}],"wp:attachment":[{"href":"https:\/\/duwest.com\/el-salvador\/wp-json\/wp\/v2\/media?parent=2964"}],"wp:term":[{"taxonomy":"post_tag","embeddable":true,"href":"https:\/\/duwest.com\/el-salvador\/wp-json\/wp\/v2\/tags?post=2964"},{"taxonomy":"protecciondecultivos","embeddable":true,"href":"https:\/\/duwest.com\/el-salvador\/wp-json\/wp\/v2\/protecciondecultivos?post=2964"}],"curies":[{"name":"wp","href":"https:\/\/api.w.org\/{rel}","templated":true}]}}