{"id":3033,"date":"2021-08-05T03:17:45","date_gmt":"2021-08-05T03:17:45","guid":{"rendered":"https:\/\/duwest.com\/el-salvador\/?post_type=product&#038;p=3033"},"modified":"2021-09-21T14:50:35","modified_gmt":"2021-09-21T14:50:35","slug":"coragen-20-sc","status":"publish","type":"product","link":"https:\/\/duwest.com\/el-salvador\/product\/insecticidas\/coragen-20-sc\/","title":{"rendered":"Coragen 20 SC"},"content":{"rendered":"<div id='title-bg'  class='avia-section main_color avia-section-small avia-no-border-styling  avia-bg-style-scroll  avia-builder-el-0  el_before_av_section  avia-builder-el-first   container_wrap fullsize' style='background-color: #35a211;  '  ><div class='container' ><main  role=\"main\" itemprop=\"mainContentOfPage\"  class='template-page content  av-content-full alpha units'><div class='post-entry post-entry-type-page post-entry-3033'><div class='entry-content-wrapper clearfix'>\n<div  style='padding-bottom:0px; color:#ffffff;' class='av-special-heading av-special-heading-h2 custom-color-heading blockquote modern-quote modern-centered  avia-builder-el-1  avia-builder-el-no-sibling  '><h2 class='av-special-heading-tag '  itemprop=\"headline\"  >Nuestros Productos<\/h2><div class='special-heading-border'><div class='special-heading-inner-border' style='border-color:#ffffff'><\/div><\/div><\/div>\n\n<\/div><\/div><\/main><!-- close content main element --><\/div><\/div><div id='body-product'  class='avia-section main_color avia-section-small avia-no-border-styling  avia-bg-style-scroll  avia-builder-el-2  el_after_av_section  avia-builder-el-last   container_wrap fullsize' style=' '  ><div class='container' ><div class='template-page content  av-content-full alpha units'><div class='post-entry post-entry-type-page post-entry-3033'><div class='entry-content-wrapper clearfix'>\n<div class='flex_column_table av-equal-height-column-flextable -flextable' ><div class=\"flex_column av_one_half  flex_column_table_cell av-equal-height-column av-align-middle av-zero-column-padding first  avia-builder-el-3  el_before_av_one_half  avia-builder-el-first  \" style='border-radius:0px; '><div  class='avia-image-container  av-styling-    avia-builder-el-4  avia-builder-el-no-sibling  avia-align-center '  itemprop=\"image\" itemscope=\"itemscope\" itemtype=\"https:\/\/schema.org\/ImageObject\"  ><div class='avia-image-container-inner'><div class='avia-image-overlay-wrap'><img class='wp-image-3034 avia-img-lazy-loading-not-3034 avia_image' src=\"https:\/\/duwest.com\/el-salvador\/wp-content\/uploads\/sites\/5\/2021\/08\/Coragen-20-SC.jpg\" alt='' title='Coragen 20 SC' height=\"1000\" width=\"1000\"  itemprop=\"thumbnailUrl\" srcset=\"https:\/\/duwest.com\/el-salvador\/wp-content\/uploads\/sites\/5\/2021\/08\/Coragen-20-SC.jpg 1000w, https:\/\/duwest.com\/el-salvador\/wp-content\/uploads\/sites\/5\/2021\/08\/Coragen-20-SC-300x300.jpg 300w, https:\/\/duwest.com\/el-salvador\/wp-content\/uploads\/sites\/5\/2021\/08\/Coragen-20-SC-80x80.jpg 80w, https:\/\/duwest.com\/el-salvador\/wp-content\/uploads\/sites\/5\/2021\/08\/Coragen-20-SC-768x768.jpg 768w, https:\/\/duwest.com\/el-salvador\/wp-content\/uploads\/sites\/5\/2021\/08\/Coragen-20-SC-36x36.jpg 36w, https:\/\/duwest.com\/el-salvador\/wp-content\/uploads\/sites\/5\/2021\/08\/Coragen-20-SC-180x180.jpg 180w, https:\/\/duwest.com\/el-salvador\/wp-content\/uploads\/sites\/5\/2021\/08\/Coragen-20-SC-705x705.jpg 705w\" sizes=\"(max-width: 1000px) 100vw, 1000px\" \/><\/div><\/div><\/div><\/div><div class='av-flex-placeholder'><\/div><div class=\"flex_column av_one_half  flex_column_table_cell av-equal-height-column av-align-middle av-zero-column-padding   avia-builder-el-5  el_after_av_one_half  avia-builder-el-last  \" style='border-radius:0px; '><section class=\"av_textblock_section \"  itemscope=\"itemscope\" itemtype=\"https:\/\/schema.org\/CreativeWork\" ><div class='avia_textblock  '   itemprop=\"text\" ><h3>CORAGEN 20 SC<\/h3>\n<p><strong>INGREDIENTE ACTIVO:<\/strong><br \/>\nCHLORANTRANILIPROLE 20%<\/p>\n<p><strong>DESCRIPCI\u00d3N:<\/strong><br \/>\nCoragen\u00ae 20 SC, es un insecticida que pertenece al grupo de las diamidas (grupo 28 IRAC) que act\u00faa por ingesti\u00f3n y por contacto para el control de la mayor\u00eda de larvas de lepid\u00f3pteros. Su modo de acci\u00f3n es agonista de los receptores de la ryanodina. Estos receptores controlan la liberaci\u00f3n de los iones de calcio en los m\u00fasculos de los insectos, por lo que la aplicaci\u00f3n de este insecticida produce una contracci\u00f3n muscular permanente, el cese de la alimentaci\u00f3n, par\u00e1lisis y la muerte de las larvas en un per\u00edodo de 1 a 3 d\u00edas.<\/p>\n<p><strong>PRESENTACIONES:<\/strong><br \/>\n15mL, 200mL, 1GAL<\/p>\n<p><strong>CULTIVOS:<\/strong><br \/>\nBr\u00f3coli, Repollo, Coliflor, Tomate<\/p>\n<\/div><\/section><br \/>\n<div  style='height:30px' class='hr hr-invisible   avia-builder-el-7  el_after_av_textblock  el_before_av_button '><span class='hr-inner ' ><span class='hr-inner-style'><\/span><\/span><\/div><br \/>\n<div  class='avia-button-wrap avia-button-left  avia-builder-el-8  el_after_av_hr  el_before_av_button ' ><a href='https:\/\/duwest.com\/cotizar\/?producto=Coragen20SC'  class='avia-button  avia-color-theme-color   avia-icon_select-no avia-size-small avia-position-left '   ><span class='avia_iconbox_title' >Pide m\u00e1s informaci\u00f3n de este producto aqu\u00ed.<\/span><\/a><\/div><br \/>\n<div  class='avia-button-wrap avia-button-left  avia-builder-el-9  el_after_av_button  el_before_av_button ' ><a href='https:\/\/duwest.com\/el-salvador\/wp-content\/uploads\/sites\/5\/2021\/09\/DFU_Coragen20SC_CA.pdf'  class='avia-button   avia-icon_select-yes-left-icon avia-size-small avia-position-left '  target=\"_blank\"  rel=\"noopener noreferrer\" style='background-color:#0071bc; border-color:#0071bc; color:#ffffff; ' ><span class='avia_button_icon avia_button_icon_left ' aria-hidden='true' data-av_icon='\ue82d' data-av_iconfont='entypo-fontello'><\/span><span class='avia_iconbox_title' >Ver Panfleto<\/span><\/a><\/div><br \/>\n<div  class='avia-button-wrap avia-button-left  avia-builder-el-10  el_after_av_button  avia-builder-el-last ' ><a href='https:\/\/duwest.com\/el-salvador\/wp-content\/uploads\/sites\/5\/2021\/08\/HT_Coragen20SC.pdf'  class='avia-button   avia-icon_select-yes-left-icon avia-size-small avia-position-left '  target=\"_blank\"  rel=\"noopener noreferrer\" style='background-color:#b2b2b2; border-color:#b2b2b2; color:#ffffff; ' ><span class='avia_button_icon avia_button_icon_left ' aria-hidden='true' data-av_icon='\ue82d' data-av_iconfont='entypo-fontello'><\/span><span class='avia_iconbox_title' >Ver hoja de seguridad<\/span><\/a><\/div><\/p><\/div><\/div><!--close column table wrapper. Autoclose: 1 -->\n","protected":false},"excerpt":{"rendered":"","protected":false},"author":3,"featured_media":3034,"parent":1322,"menu_order":0,"comment_status":"open","ping_status":"open","template":"","format":"standard","meta":[],"tags":[130,60,51,26],"protecciondecultivos":[123],"_links":{"self":[{"href":"https:\/\/duwest.com\/el-salvador\/wp-json\/wp\/v2\/product\/3033"}],"collection":[{"href":"https:\/\/duwest.com\/el-salvador\/wp-json\/wp\/v2\/product"}],"about":[{"href":"https:\/\/duwest.com\/el-salvador\/wp-json\/wp\/v2\/types\/product"}],"author":[{"embeddable":true,"href":"https:\/\/duwest.com\/el-salvador\/wp-json\/wp\/v2\/users\/3"}],"replies":[{"embeddable":true,"href":"https:\/\/duwest.com\/el-salvador\/wp-json\/wp\/v2\/comments?post=3033"}],"version-history":[{"count":0,"href":"https:\/\/duwest.com\/el-salvador\/wp-json\/wp\/v2\/product\/3033\/revisions"}],"up":[{"embeddable":true,"href":"https:\/\/duwest.com\/el-salvador\/wp-json\/wp\/v2\/product\/1322"}],"wp:featuredmedia":[{"embeddable":true,"href":"https:\/\/duwest.com\/el-salvador\/wp-json\/wp\/v2\/media\/3034"}],"wp:attachment":[{"href":"https:\/\/duwest.com\/el-salvador\/wp-json\/wp\/v2\/media?parent=3033"}],"wp:term":[{"taxonomy":"post_tag","embeddable":true,"href":"https:\/\/duwest.com\/el-salvador\/wp-json\/wp\/v2\/tags?post=3033"},{"taxonomy":"protecciondecultivos","embeddable":true,"href":"https:\/\/duwest.com\/el-salvador\/wp-json\/wp\/v2\/protecciondecultivos?post=3033"}],"curies":[{"name":"wp","href":"https:\/\/api.w.org\/{rel}","templated":true}]}}