{"id":948,"date":"2021-01-05T15:49:28","date_gmt":"2021-01-05T15:49:28","guid":{"rendered":"https:\/\/duwest.com\/?post_type=product&amp;p=948"},"modified":"2021-01-05T15:49:28","modified_gmt":"2021-01-05T15:49:28","slug":"solu-feed-viveros","status":"publish","type":"product","link":"https:\/\/duwest.com\/el-salvador\/product\/nutricion-vegetal\/solu-feed-viveros\/","title":{"rendered":"Solu Feed"},"content":{"rendered":"<div id='title-bg'  class='avia-section main_color avia-section-small avia-no-border-styling  avia-bg-style-scroll  avia-builder-el-0  el_before_av_section  avia-builder-el-first   container_wrap fullsize' style='background-color: #35a211;  '  ><div class='container' ><main  role=\"main\" itemprop=\"mainContentOfPage\"  class='template-page content  av-content-full alpha units'><div class='post-entry post-entry-type-page post-entry-948'><div class='entry-content-wrapper clearfix'>\n<div  style='padding-bottom:0px; color:#ffffff;' class='av-special-heading av-special-heading-h2 custom-color-heading blockquote modern-quote modern-centered  avia-builder-el-1  avia-builder-el-no-sibling  '><h2 class='av-special-heading-tag '  itemprop=\"headline\"  >Nuestros Productos<\/h2><div class='special-heading-border'><div class='special-heading-inner-border' style='border-color:#ffffff'><\/div><\/div><\/div>\n\n<\/div><\/div><\/main><!-- close content main element --><\/div><\/div><div id='body-product'  class='avia-section main_color avia-section-small avia-no-border-styling  avia-bg-style-scroll  avia-builder-el-2  el_after_av_section  avia-builder-el-last   container_wrap fullsize' style=' '  ><div class='container' ><div class='template-page content  av-content-full alpha units'><div class='post-entry post-entry-type-page post-entry-948'><div class='entry-content-wrapper clearfix'>\n<div class='flex_column_table av-equal-height-column-flextable -flextable' ><div class=\"flex_column av_one_half  flex_column_table_cell av-equal-height-column av-align-middle av-zero-column-padding first  avia-builder-el-3  el_before_av_one_half  avia-builder-el-first  \" style='border-radius:0px; '><div  class='avia-image-container  av-styling-    avia-builder-el-4  avia-builder-el-no-sibling  avia-align-center '  itemprop=\"image\" itemscope=\"itemscope\" itemtype=\"https:\/\/schema.org\/ImageObject\"  ><div class='avia-image-container-inner'><div class='avia-image-overlay-wrap'><img class='wp-image-2261 avia-img-lazy-loading-not-2261 avia_image' src=\"https:\/\/duwest.com\/el-salvador\/wp-content\/uploads\/sites\/5\/2021\/01\/Solu_Feed.jpg\" alt='' title='Solu_Feed' height=\"1000\" width=\"1000\"  itemprop=\"thumbnailUrl\" srcset=\"https:\/\/duwest.com\/el-salvador\/wp-content\/uploads\/sites\/5\/2021\/01\/Solu_Feed.jpg 1000w, https:\/\/duwest.com\/el-salvador\/wp-content\/uploads\/sites\/5\/2021\/01\/Solu_Feed-300x300.jpg 300w, https:\/\/duwest.com\/el-salvador\/wp-content\/uploads\/sites\/5\/2021\/01\/Solu_Feed-80x80.jpg 80w, https:\/\/duwest.com\/el-salvador\/wp-content\/uploads\/sites\/5\/2021\/01\/Solu_Feed-768x768.jpg 768w, https:\/\/duwest.com\/el-salvador\/wp-content\/uploads\/sites\/5\/2021\/01\/Solu_Feed-36x36.jpg 36w, https:\/\/duwest.com\/el-salvador\/wp-content\/uploads\/sites\/5\/2021\/01\/Solu_Feed-180x180.jpg 180w, https:\/\/duwest.com\/el-salvador\/wp-content\/uploads\/sites\/5\/2021\/01\/Solu_Feed-705x705.jpg 705w\" sizes=\"(max-width: 1000px) 100vw, 1000px\" \/><\/div><\/div><\/div><\/div><div class='av-flex-placeholder'><\/div><div class=\"flex_column av_one_half  flex_column_table_cell av-equal-height-column av-align-middle av-zero-column-padding   avia-builder-el-5  el_after_av_one_half  avia-builder-el-last  \" style='border-radius:0px; '><section class=\"av_textblock_section \"  itemscope=\"itemscope\" itemtype=\"https:\/\/schema.org\/CreativeWork\" ><div class='avia_textblock  '   itemprop=\"text\" ><h3>SOLU FEED<\/h3>\n<p>SOLU FEED es una l\u00ednea de fertilizantes minerales 100% solubles en agua Hidrosolubles), compuestos por nutrientes mayores (Nitr\u00f3geno, F\u00f3sforo y Potasio) y secundarios (Magnesio y Azufre) desarrollados de acuerdo con los requerimientos nutricionales de los cultivos seg\u00fan su etapa de desarrollo (etapa fenol\u00f3gica), cuyo uso y aplicaci\u00f3n principal es en cultivos con sistema de riego que permitan la fertilizaci\u00f3n por esta v\u00eda (Fertirrigaci\u00f3n) o en forma de fertilizaci\u00f3n disuelta (Drench).<\/p>\n<p>El uso de los programas con fertilizantes hidrosolubles SOLU FEED permite hacer disponibles un alto porcentaje de los nutrientes en las etapas de mayor demanda de cada uno y en un \u00e1rea de coincidencia con la zona radicular, lo que lo convierte en un fertilizante altamente eficiente.<\/p>\n<p>Con SOLU FEED el productor agr\u00edcola dispone de varias formulaciones que le permiten formar soluciones nutritivas balanceadas tanto desde el punto de vista nutricional (Requerimientos nutricionales y etapas de absorci\u00f3n) como del punto de vista qu\u00edmico (pH y Conductividad El\u00e9ctrica) y libres de cloro y sodio, asegurando con estas caracter\u00edsticas que la disponibilidad y absorci\u00f3n de los nutrientes se incremente.<\/p>\n<p><strong>F\u00d3RMULAS:<\/strong><\/p>\n<p>INICIO 20-30-10+Mg+S<br \/>\nDESARROLLO 22-11-22+Mg+S<br \/>\nFLORACI\u00d3N 12-20-30+Mg<br \/>\nMADURACI\u00d3N 10-10-40+S<br \/>\nVIVEROS 12-60-0+EM<\/p>\n<p><strong>PRESENTACIONES:<\/strong><\/p>\n<p>5KG, 25KG<br \/>\nVIVEROS 2K Y 25KG.<\/p>\n<p><strong>CULTIVOS:<\/strong><\/p>\n<p>Arveja, Br\u00f3coli, Coliflor, Repollo, Cebolla, Chile, Papa, Pepino, Mel\u00f3n, Sand\u00eda, Tomate, Zanahoria, Aguacate, Mango, Citricos, Rosa, Girasol, Heliconia, Violeta, Pascua, Geranio, Caf\u00e9, Ca\u00f1a de Az\u00facar.<\/p>\n<\/div><\/section><br \/>\n<div  style='height:30px' class='hr hr-invisible   avia-builder-el-7  el_after_av_textblock  el_before_av_button '><span class='hr-inner ' ><span class='hr-inner-style'><\/span><\/span><\/div><br \/>\n<div  class='avia-button-wrap avia-button-left  avia-builder-el-8  el_after_av_hr  el_before_av_button ' ><a href='https:\/\/duwest.com\/cotizar\/?producto=Solu Feed'  class='avia-button  avia-color-theme-color   avia-icon_select-no avia-size-small avia-position-left '   ><span class='avia_iconbox_title' >Pide m\u00e1s informaci\u00f3n de este producto aqu\u00ed.<\/span><\/a><\/div><br \/>\n<div  class='avia-button-wrap avia-button-left  avia-builder-el-9  el_after_av_button  avia-builder-el-last ' ><a href='https:\/\/duwest.com\/wp-content\/uploads\/2021\/02\/SoluFeed.pdf' class='avia-button   avia-icon_select-yes-left-icon avia-size-small avia-position-left ' target=\"_blank\" rel=\"noopener noreferrer\" style='background-color:#0071bc; border-color:#0071bc; color:#ffffff; '><span class='avia_button_icon avia_button_icon_left ' aria-hidden='true' data-av_icon='\ue82d' data-av_iconfont='entypo-fontello'><\/span><span class='avia_iconbox_title' >Ver Panfleto<\/span><\/a><\/div><\/p><\/div><\/div><!--close column table wrapper. Autoclose: 1 -->\n","protected":false},"excerpt":{"rendered":"","protected":false},"author":2,"featured_media":2260,"parent":946,"menu_order":0,"comment_status":"open","ping_status":"open","template":"","format":"standard","meta":[],"tags":[27,29,58,33,66,17,34,67,60,49,39,68,69,70,42,21,22,72,23,51,73,24,26,74,45],"protecciondecultivos":[71],"_links":{"self":[{"href":"https:\/\/duwest.com\/el-salvador\/wp-json\/wp\/v2\/product\/948"}],"collection":[{"href":"https:\/\/duwest.com\/el-salvador\/wp-json\/wp\/v2\/product"}],"about":[{"href":"https:\/\/duwest.com\/el-salvador\/wp-json\/wp\/v2\/types\/product"}],"author":[{"embeddable":true,"href":"https:\/\/duwest.com\/el-salvador\/wp-json\/wp\/v2\/users\/2"}],"replies":[{"embeddable":true,"href":"https:\/\/duwest.com\/el-salvador\/wp-json\/wp\/v2\/comments?post=948"}],"version-history":[{"count":0,"href":"https:\/\/duwest.com\/el-salvador\/wp-json\/wp\/v2\/product\/948\/revisions"}],"up":[{"embeddable":true,"href":"https:\/\/duwest.com\/el-salvador\/wp-json\/wp\/v2\/product\/946"}],"wp:featuredmedia":[{"embeddable":true,"href":"https:\/\/duwest.com\/el-salvador\/wp-json\/wp\/v2\/media\/2260"}],"wp:attachment":[{"href":"https:\/\/duwest.com\/el-salvador\/wp-json\/wp\/v2\/media?parent=948"}],"wp:term":[{"taxonomy":"post_tag","embeddable":true,"href":"https:\/\/duwest.com\/el-salvador\/wp-json\/wp\/v2\/tags?post=948"},{"taxonomy":"protecciondecultivos","embeddable":true,"href":"https:\/\/duwest.com\/el-salvador\/wp-json\/wp\/v2\/protecciondecultivos?post=948"}],"curies":[{"name":"wp","href":"https:\/\/api.w.org\/{rel}","templated":true}]}}