{"id":2010,"date":"2021-02-18T22:44:34","date_gmt":"2021-02-18T22:44:34","guid":{"rendered":"https:\/\/duwest.com\/?post_type=product&amp;p=2010"},"modified":"2021-02-18T22:44:34","modified_gmt":"2021-02-18T22:44:34","slug":"consento-45-sc","status":"publish","type":"product","link":"https:\/\/duwest.com\/honduras\/product\/consento-45-sc\/","title":{"rendered":"Consento 45 SC"},"content":{"rendered":"<div id='title-bg'  class='avia-section main_color avia-section-small avia-no-border-styling  avia-bg-style-scroll  avia-builder-el-0  el_before_av_section  avia-builder-el-first   container_wrap fullsize' style='background-color: #35a211;  '  ><div class='container' ><main  role=\"main\" itemprop=\"mainContentOfPage\"  class='template-page content  av-content-full alpha units'><div class='post-entry post-entry-type-page post-entry-2010'><div class='entry-content-wrapper clearfix'>\n<div  style='padding-bottom:0px; color:#ffffff;' class='av-special-heading av-special-heading-h2 custom-color-heading blockquote modern-quote modern-centered  avia-builder-el-1  avia-builder-el-no-sibling  '><h2 class='av-special-heading-tag '  itemprop=\"headline\"  >Nuestros Productos<\/h2><div class='special-heading-border'><div class='special-heading-inner-border' style='border-color:#ffffff'><\/div><\/div><\/div>\n\n<\/div><\/div><\/main><!-- close content main element --><\/div><\/div><div id='body-product'  class='avia-section main_color avia-section-small avia-no-border-styling  avia-bg-style-scroll  avia-builder-el-2  el_after_av_section  avia-builder-el-last   container_wrap fullsize' style=' '  ><div class='container' ><div class='template-page content  av-content-full alpha units'><div class='post-entry post-entry-type-page post-entry-2010'><div class='entry-content-wrapper clearfix'>\n<div class='flex_column_table av-equal-height-column-flextable -flextable' ><div class=\"flex_column av_one_half  flex_column_table_cell av-equal-height-column av-align-middle av-zero-column-padding first  avia-builder-el-3  el_before_av_one_half  avia-builder-el-first  \" style='border-radius:0px; '><div  class='avia-image-container  av-styling-    avia-builder-el-4  avia-builder-el-no-sibling  avia-align-center '  itemprop=\"image\" itemscope=\"itemscope\" itemtype=\"https:\/\/schema.org\/ImageObject\"  ><div class='avia-image-container-inner'><div class='avia-image-overlay-wrap'><img class='wp-image-2282 avia-img-lazy-loading-not-2282 avia_image' src=\"https:\/\/duwest.com\/honduras\/wp-content\/uploads\/sites\/6\/2021\/02\/Consento-1.jpg\" alt='' title='Consento' height=\"1000\" width=\"1000\"  itemprop=\"thumbnailUrl\" srcset=\"https:\/\/duwest.com\/honduras\/wp-content\/uploads\/sites\/6\/2021\/02\/Consento-1.jpg 1000w, https:\/\/duwest.com\/honduras\/wp-content\/uploads\/sites\/6\/2021\/02\/Consento-1-300x300.jpg 300w, https:\/\/duwest.com\/honduras\/wp-content\/uploads\/sites\/6\/2021\/02\/Consento-1-80x80.jpg 80w, https:\/\/duwest.com\/honduras\/wp-content\/uploads\/sites\/6\/2021\/02\/Consento-1-768x768.jpg 768w, https:\/\/duwest.com\/honduras\/wp-content\/uploads\/sites\/6\/2021\/02\/Consento-1-36x36.jpg 36w, https:\/\/duwest.com\/honduras\/wp-content\/uploads\/sites\/6\/2021\/02\/Consento-1-180x180.jpg 180w, https:\/\/duwest.com\/honduras\/wp-content\/uploads\/sites\/6\/2021\/02\/Consento-1-705x705.jpg 705w\" sizes=\"(max-width: 1000px) 100vw, 1000px\" \/><\/div><\/div><\/div><\/div><div class='av-flex-placeholder'><\/div><div class=\"flex_column av_one_half  flex_column_table_cell av-equal-height-column av-align-middle av-zero-column-padding   avia-builder-el-5  el_after_av_one_half  avia-builder-el-last  \" style='border-radius:0px; '><section class=\"av_textblock_section \"  itemscope=\"itemscope\" itemtype=\"https:\/\/schema.org\/CreativeWork\" ><div class='avia_textblock  '   itemprop=\"text\" ><h3><strong>CONSENTO 45 SC<\/strong><\/h3>\n<p><strong>INGREDIENTE ACTIVO:\u00a0 <\/strong><\/p>\n<p>Propamocarb Clorhidrato 37,5% + Fenamidona 7,5%<\/p>\n<p><strong>DESCRIPCI\u00d3N: <\/strong><\/p>\n<p><strong>Consento 45 SC<\/strong> Es un fungicida con actividad preventiva y curativa. Posee movimiento translaminar y sist\u00e9mico acrop\u00e9talo de aplicaci\u00f3n foliar altamente efectivo en el control de tiz\u00f3n tard\u00edo, tiz\u00f3n temprano y mildi\u00fa velloso en cultivos de solan\u00e1ceas, cucurbit\u00e1ceas y lechuga. La Fenamidona Inhibe la respiraci\u00f3n mitocondrial actuando sobre los diferentes estad\u00edos del hongo. El Propamocarb interfiere en la s\u00edntesis de fosfol\u00edpidos y \u00e1cidos grasos de la pared celular del hongo, afectando el crecimiento del micelio, producci\u00f3n y germinaci\u00f3n de esporas, siendo as\u00ed un buen antiesporulante.<\/p>\n<p><strong>PRESENTACIONES:<\/strong><\/p>\n<p>100 mL, 250 mL, 500 mL, 1L, 5L, 20L<\/p>\n<p><strong>CULTIVOS:<\/strong><\/p>\n<p>Tomate, Papa, Mel\u00f3n, Pepino, Sand\u00eda, Calabaza, Tabaco, Repollo, Hule, Uva, Cebolla, Lechuga, Naranja, Lim\u00f3n, Mandarina, Chile, Ornamentales.<\/p>\n<\/div><\/section><br \/>\n<div  style='height:30px' class='hr hr-invisible   avia-builder-el-7  el_after_av_textblock  el_before_av_button '><span class='hr-inner ' ><span class='hr-inner-style'><\/span><\/span><\/div><br \/>\n<div  class='avia-button-wrap avia-button-left  avia-builder-el-8  el_after_av_hr  el_before_av_button ' ><a href='https:\/\/duwest.com\/cotizar\/?producto=Aspen 50 SC'  class='avia-button  avia-color-theme-color   avia-icon_select-no avia-size-small avia-position-left '   ><span class='avia_iconbox_title' >Pide m\u00e1s informaci\u00f3n de este producto aqu\u00ed.<\/span><\/a><\/div><br \/>\n<div  class='avia-button-wrap avia-button-left  avia-builder-el-9  el_after_av_button  el_before_av_button ' ><a href='https:\/\/duwest.com\/wp-content\/uploads\/2021\/02\/DFU_Consento45SC.pdf'  class='avia-button   avia-icon_select-yes-left-icon avia-size-small avia-position-left '  style='background-color:#0071bc; border-color:#0071bc; color:#ffffff; ' ><span class='avia_button_icon avia_button_icon_left ' aria-hidden='true' data-av_icon='\ue82d' data-av_iconfont='entypo-fontello'><\/span><span class='avia_iconbox_title' >Ver Panfleto<\/span><\/a><\/div><br \/>\n<div  class='avia-button-wrap avia-button-left  avia-builder-el-10  el_after_av_button  avia-builder-el-last ' ><a href='https:\/\/duwest.com\/honduras\/wp-content\/uploads\/sites\/6\/2021\/03\/HT_Consento45SC.pdf'  class='avia-button   avia-icon_select-yes-left-icon avia-size-small avia-position-left '  target=\"_blank\"  rel=\"noopener noreferrer\" style='background-color:#b2b2b2; border-color:#b2b2b2; color:#ffffff; ' ><span class='avia_button_icon avia_button_icon_left ' aria-hidden='true' data-av_icon='\ue83e' data-av_iconfont='entypo-fontello'><\/span><span class='avia_iconbox_title' >Ver hoja de seguridad<\/span><\/a><\/div><\/p><\/div><\/div><!--close column table wrapper. Autoclose: 1 -->\n","protected":false},"excerpt":{"rendered":"","protected":false},"author":3,"featured_media":2282,"parent":0,"menu_order":0,"comment_status":"open","ping_status":"open","template":"","format":"standard","meta":[],"protecciondecultivos":[188],"_links":{"self":[{"href":"https:\/\/duwest.com\/honduras\/wp-json\/wp\/v2\/product\/2010"}],"collection":[{"href":"https:\/\/duwest.com\/honduras\/wp-json\/wp\/v2\/product"}],"about":[{"href":"https:\/\/duwest.com\/honduras\/wp-json\/wp\/v2\/types\/product"}],"author":[{"embeddable":true,"href":"https:\/\/duwest.com\/honduras\/wp-json\/wp\/v2\/users\/3"}],"replies":[{"embeddable":true,"href":"https:\/\/duwest.com\/honduras\/wp-json\/wp\/v2\/comments?post=2010"}],"version-history":[{"count":0,"href":"https:\/\/duwest.com\/honduras\/wp-json\/wp\/v2\/product\/2010\/revisions"}],"wp:featuredmedia":[{"embeddable":true,"href":"https:\/\/duwest.com\/honduras\/wp-json\/wp\/v2\/media\/2282"}],"wp:attachment":[{"href":"https:\/\/duwest.com\/honduras\/wp-json\/wp\/v2\/media?parent=2010"}],"wp:term":[{"taxonomy":"protecciondecultivos","embeddable":true,"href":"https:\/\/duwest.com\/honduras\/wp-json\/wp\/v2\/protecciondecultivos?post=2010"}],"curies":[{"name":"wp","href":"https:\/\/api.w.org\/{rel}","templated":true}]}}