{"id":2600,"date":"2021-04-25T07:36:29","date_gmt":"2021-04-25T07:36:29","guid":{"rendered":"https:\/\/duwest.com\/?post_type=product&#038;p=2600"},"modified":"2022-08-31T15:24:26","modified_gmt":"2022-08-31T15:24:26","slug":"antracol-70-wg","status":"publish","type":"product","link":"https:\/\/duwest.com\/honduras\/product\/antracol-70-wg\/","title":{"rendered":"Antracol 70 WG"},"content":{"rendered":"<div id='title-bg'  class='avia-section main_color avia-section-small avia-no-border-styling  avia-bg-style-scroll  avia-builder-el-0  el_before_av_section  avia-builder-el-first   container_wrap fullsize' style='background-color: #35a211;  '  ><div class='container' ><main  role=\"main\" itemprop=\"mainContentOfPage\"  class='template-page content  av-content-full alpha units'><div class='post-entry post-entry-type-page post-entry-2600'><div class='entry-content-wrapper clearfix'>\n<div  style='padding-bottom:0px; color:#ffffff;' class='av-special-heading av-special-heading-h2 custom-color-heading blockquote modern-quote modern-centered  avia-builder-el-1  avia-builder-el-no-sibling  '><h2 class='av-special-heading-tag '  itemprop=\"headline\"  >Nuestros Productos<\/h2><div class='special-heading-border'><div class='special-heading-inner-border' style='border-color:#ffffff'><\/div><\/div><\/div>\n\n<\/div><\/div><\/main><!-- close content main element --><\/div><\/div><div id='body-product'  class='avia-section main_color avia-section-small avia-no-border-styling  avia-bg-style-scroll  avia-builder-el-2  el_after_av_section  avia-builder-el-last   container_wrap fullsize' style=' '  ><div class='container' ><div class='template-page content  av-content-full alpha units'><div class='post-entry post-entry-type-page post-entry-2600'><div class='entry-content-wrapper clearfix'>\n<div class='flex_column_table av-equal-height-column-flextable -flextable' ><div class=\"flex_column av_one_half  flex_column_table_cell av-equal-height-column av-align-middle av-zero-column-padding first  avia-builder-el-3  el_before_av_one_half  avia-builder-el-first  \" style='border-radius:0px; '><div  class='avia-image-container  av-styling-    avia-builder-el-4  avia-builder-el-no-sibling  avia-align-center '  itemprop=\"image\" itemscope=\"itemscope\" itemtype=\"https:\/\/schema.org\/ImageObject\"  ><div class='avia-image-container-inner'><div class='avia-image-overlay-wrap'><img class='wp-image-2986 avia-img-lazy-loading-not-2986 avia_image' src=\"https:\/\/duwest.com\/honduras\/wp-content\/uploads\/sites\/6\/2021\/04\/Antracol-70-WG-300x300.jpg\" alt='' title='Antracol 70 WG' height=\"300\" width=\"300\"  itemprop=\"thumbnailUrl\" srcset=\"https:\/\/duwest.com\/honduras\/wp-content\/uploads\/sites\/6\/2021\/04\/Antracol-70-WG-300x300.jpg 300w, https:\/\/duwest.com\/honduras\/wp-content\/uploads\/sites\/6\/2021\/04\/Antracol-70-WG-80x80.jpg 80w, https:\/\/duwest.com\/honduras\/wp-content\/uploads\/sites\/6\/2021\/04\/Antracol-70-WG-768x768.jpg 768w, https:\/\/duwest.com\/honduras\/wp-content\/uploads\/sites\/6\/2021\/04\/Antracol-70-WG-36x36.jpg 36w, https:\/\/duwest.com\/honduras\/wp-content\/uploads\/sites\/6\/2021\/04\/Antracol-70-WG-180x180.jpg 180w, https:\/\/duwest.com\/honduras\/wp-content\/uploads\/sites\/6\/2021\/04\/Antracol-70-WG-705x705.jpg 705w, https:\/\/duwest.com\/honduras\/wp-content\/uploads\/sites\/6\/2021\/04\/Antracol-70-WG.jpg 1000w\" sizes=\"(max-width: 300px) 100vw, 300px\" \/><\/div><\/div><\/div><\/div><div class='av-flex-placeholder'><\/div><div class=\"flex_column av_one_half  flex_column_table_cell av-equal-height-column av-align-middle av-zero-column-padding   avia-builder-el-5  el_after_av_one_half  avia-builder-el-last  \" style='border-radius:0px; '><section class=\"av_textblock_section \"  itemscope=\"itemscope\" itemtype=\"https:\/\/schema.org\/CreativeWork\" ><div class='avia_textblock  '   itemprop=\"text\" ><h3>ANTRACOL 70 WG<\/h3>\n<p><strong>INGREDIENTE ACTIVO:<\/strong><\/p>\n<p>Propineb WP 70<\/p>\n<p><strong>DESCRIPCI\u00d3N:<\/strong><\/p>\n<p>Su modo de acci\u00f3n multi-sitio que inhibe la germinaci\u00f3n de esporas y con ello evita el desarrollo del hongo. Para manejo de resistencia seg\u00fan clasificaci\u00f3n FRAC pertenece al grupo M3. Aporta Zinc altamente asimilable, elemento indispensable para el \u00f3ptimo crecimiento de las plantas y la mejor calidad de los frutos.<\/p>\n<p><strong>PRESENTACIONES:<\/strong><\/p>\n<p>750g, 25kg<\/p>\n<p><strong>CULTIVOS:<\/strong><\/p>\n<p>Caf\u00e9, Arroz, Papa, Tomate, Tabaco, Frijol<\/p>\n<\/div><\/section><br \/>\n<div  style='height:30px' class='hr hr-invisible   avia-builder-el-7  el_after_av_textblock  el_before_av_button '><span class='hr-inner ' ><span class='hr-inner-style'><\/span><\/span><\/div><br \/>\n<div  class='avia-button-wrap avia-button-left  avia-builder-el-8  el_after_av_hr  el_before_av_button ' ><a href='https:\/\/duwest.com\/cotizar\/?producto=Amylo-X 25 WG'  class='avia-button  avia-color-theme-color   avia-icon_select-no avia-size-small avia-position-left '   ><span class='avia_iconbox_title' >Pide m\u00e1s informaci\u00f3n de este producto aqu\u00ed.<\/span><\/a><\/div><br \/>\n<div  class='avia-button-wrap avia-button-left  avia-builder-el-9  el_after_av_button  avia-builder-el-last ' ><a href='https:\/\/duwest.com\/wp-content\/uploads\/2021\/04\/' class='avia-button   avia-icon_select-yes-left-icon avia-size-small avia-position-left ' target=\"_blank\" rel=\"noopener noreferrer\" style='background-color:#0071bc; border-color:#0071bc; color:#ffffff; '><span class='avia_button_icon avia_button_icon_left ' aria-hidden='true' data-av_icon='\ue82d' data-av_iconfont='entypo-fontello'><\/span><span class='avia_iconbox_title' >Ver Panfleto<\/span><\/a><\/div><\/p><\/div><\/div><!--close column table wrapper. Autoclose: 1 -->\n","protected":false},"excerpt":{"rendered":"","protected":false},"author":3,"featured_media":2986,"parent":0,"menu_order":0,"comment_status":"open","ping_status":"open","template":"","format":"standard","meta":[],"protecciondecultivos":[188],"_links":{"self":[{"href":"https:\/\/duwest.com\/honduras\/wp-json\/wp\/v2\/product\/2600"}],"collection":[{"href":"https:\/\/duwest.com\/honduras\/wp-json\/wp\/v2\/product"}],"about":[{"href":"https:\/\/duwest.com\/honduras\/wp-json\/wp\/v2\/types\/product"}],"author":[{"embeddable":true,"href":"https:\/\/duwest.com\/honduras\/wp-json\/wp\/v2\/users\/3"}],"replies":[{"embeddable":true,"href":"https:\/\/duwest.com\/honduras\/wp-json\/wp\/v2\/comments?post=2600"}],"version-history":[{"count":0,"href":"https:\/\/duwest.com\/honduras\/wp-json\/wp\/v2\/product\/2600\/revisions"}],"wp:featuredmedia":[{"embeddable":true,"href":"https:\/\/duwest.com\/honduras\/wp-json\/wp\/v2\/media\/2986"}],"wp:attachment":[{"href":"https:\/\/duwest.com\/honduras\/wp-json\/wp\/v2\/media?parent=2600"}],"wp:term":[{"taxonomy":"protecciondecultivos","embeddable":true,"href":"https:\/\/duwest.com\/honduras\/wp-json\/wp\/v2\/protecciondecultivos?post=2600"}],"curies":[{"name":"wp","href":"https:\/\/api.w.org\/{rel}","templated":true}]}}