{"id":2658,"date":"2021-04-27T03:57:49","date_gmt":"2021-04-27T03:57:49","guid":{"rendered":"https:\/\/duwest.com\/?post_type=product&amp;p=2658"},"modified":"2021-04-27T03:57:49","modified_gmt":"2021-04-27T03:57:49","slug":"merlin-total-60-sc","status":"publish","type":"product","link":"https:\/\/duwest.com\/honduras\/product\/merlin-total-60-sc\/","title":{"rendered":"Merlin Total 60 SC"},"content":{"rendered":"<div id='title-bg'  class='avia-section main_color avia-section-small avia-no-border-styling  avia-bg-style-scroll  avia-builder-el-0  el_before_av_section  avia-builder-el-first   container_wrap fullsize' style='background-color: #35a211;  '  ><div class='container' ><main  role=\"main\" itemprop=\"mainContentOfPage\"  class='template-page content  av-content-full alpha units'><div class='post-entry post-entry-type-page post-entry-2658'><div class='entry-content-wrapper clearfix'>\n<div  style='padding-bottom:0px; color:#ffffff;' class='av-special-heading av-special-heading-h2 custom-color-heading blockquote modern-quote modern-centered  avia-builder-el-1  avia-builder-el-no-sibling  '><h2 class='av-special-heading-tag '  itemprop=\"headline\"  >Nuestros Productos<\/h2><div class='special-heading-border'><div class='special-heading-inner-border' style='border-color:#ffffff'><\/div><\/div><\/div>\n\n<\/div><\/div><\/main><!-- close content main element --><\/div><\/div><div id='body-product'  class='avia-section main_color avia-section-small avia-no-border-styling  avia-bg-style-scroll  avia-builder-el-2  el_after_av_section  avia-builder-el-last   container_wrap fullsize' style=' '  ><div class='container' ><div class='template-page content  av-content-full alpha units'><div class='post-entry post-entry-type-page post-entry-2658'><div class='entry-content-wrapper clearfix'>\n<div class='flex_column_table av-equal-height-column-flextable -flextable' ><div class=\"flex_column av_one_half  flex_column_table_cell av-equal-height-column av-align-middle av-zero-column-padding first  avia-builder-el-3  el_before_av_one_half  avia-builder-el-first  \" style='border-radius:0px; '><div  class='avia-image-container  av-styling-    avia-builder-el-4  avia-builder-el-no-sibling  avia-align-center '  itemprop=\"image\" itemscope=\"itemscope\" itemtype=\"https:\/\/schema.org\/ImageObject\"  ><div class='avia-image-container-inner'><div class='avia-image-overlay-wrap'><img class='wp-image-2659 avia-img-lazy-loading-not-2659 avia_image' src=\"https:\/\/duwest.com\/honduras\/wp-content\/uploads\/sites\/6\/2021\/04\/Merlin-Total-60.jpeg\" alt='' title='Merlin Total 60' height=\"1000\" width=\"1000\"  itemprop=\"thumbnailUrl\" srcset=\"https:\/\/duwest.com\/honduras\/wp-content\/uploads\/sites\/6\/2021\/04\/Merlin-Total-60.jpeg 1000w, https:\/\/duwest.com\/honduras\/wp-content\/uploads\/sites\/6\/2021\/04\/Merlin-Total-60-300x300.jpeg 300w, https:\/\/duwest.com\/honduras\/wp-content\/uploads\/sites\/6\/2021\/04\/Merlin-Total-60-80x80.jpeg 80w, https:\/\/duwest.com\/honduras\/wp-content\/uploads\/sites\/6\/2021\/04\/Merlin-Total-60-768x768.jpeg 768w, https:\/\/duwest.com\/honduras\/wp-content\/uploads\/sites\/6\/2021\/04\/Merlin-Total-60-36x36.jpeg 36w, https:\/\/duwest.com\/honduras\/wp-content\/uploads\/sites\/6\/2021\/04\/Merlin-Total-60-180x180.jpeg 180w, https:\/\/duwest.com\/honduras\/wp-content\/uploads\/sites\/6\/2021\/04\/Merlin-Total-60-705x705.jpeg 705w\" sizes=\"(max-width: 1000px) 100vw, 1000px\" \/><\/div><\/div><\/div><\/div><div class='av-flex-placeholder'><\/div><div class=\"flex_column av_one_half  flex_column_table_cell av-equal-height-column av-align-middle av-zero-column-padding   avia-builder-el-5  el_after_av_one_half  avia-builder-el-last  \" style='border-radius:0px; '><section class=\"av_textblock_section \"  itemscope=\"itemscope\" itemtype=\"https:\/\/schema.org\/CreativeWork\" ><div class='avia_textblock  '   itemprop=\"text\" ><h3>MERLIN TOTAL 60 SC<\/h3>\n<p><strong>INGREDIENTE ACTIVO:<\/strong><\/p>\n<p>INDAZIFLAN, ISOXAFLUTOLE 60%<\/p>\n<p><strong>DESCRIPCI\u00d3N:<\/strong><\/p>\n<p>Merlin Total 60 SC es un herbicida compuesto por 2 ingredientes activos (isoxaflutole + indaziflam) de acci\u00f3n sist\u00e9mica para el control de malezas de hojas anchas y gram\u00edneas.<br \/>\nIsoxaflutole es absorbido tanto por ra\u00edces y hojas como por brotes, inhibiendo la formaci\u00f3n de clorofila y bloqueando los puntos de crecimiento de la maleza. Posee, adem\u00e1s, efecto recargable cuando se aplica en suelos secos y se activa al momento de establecerse las condiciones de humedad en el suelo.<br \/>\nIndaziflam provee las caracter\u00edsticas de ser un herbicida suelo-activo, que al aplicarse crea una pel\u00edcula t\u00f3xica que queda disponible en la soluci\u00f3n del suelo la cual al entrar en contacto con la semilla interfiere en la formaci\u00f3n de los meristemos iniciales (inhibici\u00f3n de la bios\u00edntesis de celulosa) y los embriones de las semillas de las malezas, bloqueando la formaci\u00f3n de las peque\u00f1as pl\u00e1ntulas o inhibiendo la capacidad germinativa y emergencia de las semillas de las malezas.<\/p>\n<p><strong>PRESENTACIONES:<\/strong><\/p>\n<p>5L<\/p>\n<p><strong>CULTIVOS:<\/strong><\/p>\n<p>Ca\u00f1a de Az\u00facar<\/p>\n<\/div><\/section><br \/>\n<div  style='height:30px' class='hr hr-invisible   avia-builder-el-7  el_after_av_textblock  el_before_av_button '><span class='hr-inner ' ><span class='hr-inner-style'><\/span><\/span><\/div><br \/>\n<div  class='avia-button-wrap avia-button-left  avia-builder-el-8  el_after_av_hr  el_before_av_button ' ><a href='https:\/\/duwest.com\/cotizar\/?producto=Merlin Total 60'  class='avia-button  avia-color-theme-color   avia-icon_select-no avia-size-small avia-position-left '   ><span class='avia_iconbox_title' >Pide m\u00e1s informaci\u00f3n de este producto aqu\u00ed.<\/span><\/a><\/div><br \/>\n<div  class='avia-button-wrap avia-button-left  avia-builder-el-9  el_after_av_button  avia-builder-el-last ' ><a href='https:\/\/duwest.com\/honduras\/wp-content\/uploads\/sites\/6\/2021\/04\/HT_MerlinTotal60SC.pdf'  class='avia-button   avia-icon_select-yes-left-icon avia-size-small avia-position-left '  target=\"_blank\"  rel=\"noopener noreferrer\" style='background-color:#0071bc; border-color:#0071bc; color:#ffffff; ' ><span class='avia_button_icon avia_button_icon_left ' aria-hidden='true' data-av_icon='\ue82d' data-av_iconfont='entypo-fontello'><\/span><span class='avia_iconbox_title' >Ver Panfleto<\/span><\/a><\/div><\/p><\/div><\/div><!--close column table wrapper. Autoclose: 1 -->\n","protected":false},"excerpt":{"rendered":"","protected":false},"author":3,"featured_media":2659,"parent":0,"menu_order":0,"comment_status":"open","ping_status":"open","template":"","format":"standard","meta":[],"protecciondecultivos":[189],"_links":{"self":[{"href":"https:\/\/duwest.com\/honduras\/wp-json\/wp\/v2\/product\/2658"}],"collection":[{"href":"https:\/\/duwest.com\/honduras\/wp-json\/wp\/v2\/product"}],"about":[{"href":"https:\/\/duwest.com\/honduras\/wp-json\/wp\/v2\/types\/product"}],"author":[{"embeddable":true,"href":"https:\/\/duwest.com\/honduras\/wp-json\/wp\/v2\/users\/3"}],"replies":[{"embeddable":true,"href":"https:\/\/duwest.com\/honduras\/wp-json\/wp\/v2\/comments?post=2658"}],"version-history":[{"count":0,"href":"https:\/\/duwest.com\/honduras\/wp-json\/wp\/v2\/product\/2658\/revisions"}],"wp:featuredmedia":[{"embeddable":true,"href":"https:\/\/duwest.com\/honduras\/wp-json\/wp\/v2\/media\/2659"}],"wp:attachment":[{"href":"https:\/\/duwest.com\/honduras\/wp-json\/wp\/v2\/media?parent=2658"}],"wp:term":[{"taxonomy":"protecciondecultivos","embeddable":true,"href":"https:\/\/duwest.com\/honduras\/wp-json\/wp\/v2\/protecciondecultivos?post=2658"}],"curies":[{"name":"wp","href":"https:\/\/api.w.org\/{rel}","templated":true}]}}