{"id":961,"date":"2021-01-05T16:17:15","date_gmt":"2021-01-05T16:17:15","guid":{"rendered":"https:\/\/duwest.com\/?post_type=product&amp;p=961"},"modified":"2021-01-05T16:17:15","modified_gmt":"2021-01-05T16:17:15","slug":"multi-feed","status":"publish","type":"product","link":"https:\/\/duwest.com\/honduras\/product\/multi-feed\/","title":{"rendered":"Multi Feed"},"content":{"rendered":"<div id='title-bg'  class='avia-section main_color avia-section-small avia-no-border-styling  avia-bg-style-scroll  avia-builder-el-0  el_before_av_section  avia-builder-el-first   container_wrap fullsize' style='background-color: #35a211;  '  ><div class='container' ><main  role=\"main\" itemprop=\"mainContentOfPage\"  class='template-page content  av-content-full alpha units'><div class='post-entry post-entry-type-page post-entry-961'><div class='entry-content-wrapper clearfix'>\n<div  style='padding-bottom:0px; color:#ffffff;' class='av-special-heading av-special-heading-h2 custom-color-heading blockquote modern-quote modern-centered  avia-builder-el-1  avia-builder-el-no-sibling  '><h2 class='av-special-heading-tag '  itemprop=\"headline\"  >Nuestros Productos<\/h2><div class='special-heading-border'><div class='special-heading-inner-border' style='border-color:#ffffff'><\/div><\/div><\/div>\n\n<\/div><\/div><\/main><!-- close content main element --><\/div><\/div><div id='body-product'  class='avia-section main_color avia-section-small avia-no-border-styling  avia-bg-style-scroll  avia-builder-el-2  el_after_av_section  avia-builder-el-last   container_wrap fullsize' style=' '  ><div class='container' ><div class='template-page content  av-content-full alpha units'><div class='post-entry post-entry-type-page post-entry-961'><div class='entry-content-wrapper clearfix'>\n<div class='flex_column_table av-equal-height-column-flextable -flextable' ><div class=\"flex_column av_one_half  flex_column_table_cell av-equal-height-column av-align-middle av-zero-column-padding first  avia-builder-el-3  el_before_av_one_half  avia-builder-el-first  \" style='border-radius:0px; '><div  class='avia-image-container  av-styling-    avia-builder-el-4  avia-builder-el-no-sibling  avia-align-center '  itemprop=\"image\" itemscope=\"itemscope\" itemtype=\"https:\/\/schema.org\/ImageObject\"  ><div class='avia-image-container-inner'><div class='avia-image-overlay-wrap'><img class='wp-image-2127 avia-img-lazy-loading-not-2127 avia_image' src=\"https:\/\/duwest.com\/honduras\/wp-content\/uploads\/sites\/6\/2021\/01\/MultiFeed.jpg\" alt='' title='MultiFeed' height=\"1000\" width=\"1000\"  itemprop=\"thumbnailUrl\" srcset=\"https:\/\/duwest.com\/honduras\/wp-content\/uploads\/sites\/6\/2021\/01\/MultiFeed.jpg 1000w, https:\/\/duwest.com\/honduras\/wp-content\/uploads\/sites\/6\/2021\/01\/MultiFeed-300x300.jpg 300w, https:\/\/duwest.com\/honduras\/wp-content\/uploads\/sites\/6\/2021\/01\/MultiFeed-80x80.jpg 80w, https:\/\/duwest.com\/honduras\/wp-content\/uploads\/sites\/6\/2021\/01\/MultiFeed-768x768.jpg 768w, https:\/\/duwest.com\/honduras\/wp-content\/uploads\/sites\/6\/2021\/01\/MultiFeed-36x36.jpg 36w, https:\/\/duwest.com\/honduras\/wp-content\/uploads\/sites\/6\/2021\/01\/MultiFeed-180x180.jpg 180w, https:\/\/duwest.com\/honduras\/wp-content\/uploads\/sites\/6\/2021\/01\/MultiFeed-705x705.jpg 705w\" sizes=\"(max-width: 1000px) 100vw, 1000px\" \/><\/div><\/div><\/div><\/div><div class='av-flex-placeholder'><\/div><div class=\"flex_column av_one_half  flex_column_table_cell av-equal-height-column av-align-middle av-zero-column-padding   avia-builder-el-5  el_after_av_one_half  avia-builder-el-last  \" style='border-radius:0px; '><section class=\"av_textblock_section \"  itemscope=\"itemscope\" itemtype=\"https:\/\/schema.org\/CreativeWork\" ><div class='avia_textblock  '   itemprop=\"text\" ><h3>Multi Feed<\/h3>\n<p><strong>DESCRIPCI\u00d3N:<\/strong><\/p>\n<p>MULTI FEED es un concepto completamente diferenciado, el cual se basa en las necesidades espec\u00edficas de cada tipo de cultivo, principalmente de micro nutrientes; con el cual se pretende mantener un nivel m\u00ednimo de nutrientes en la planta durante todo su per\u00edodo vegetativo, de tal manera que no haya oportunidad de que el cultivo sufra deficiencias y por ende \u00e9stas no lleguen a causar da\u00f1os que repercutan en la productividad, logrando as\u00ed el mayor potencial de rendimiento y calidad.<br \/>\nConsiderando que no todos los cultivos tienen los mismos requerimientos nutritivos, es importante proporcionar a cada variedad lo necesario. MULTI FEED ha sido dise\u00f1ado para satisfacer las necesidades espec\u00edficas de cada familia o grupo de cultivos.<\/p>\n<p><strong>F\u00d3RMULAS:<\/strong><\/p>\n<p>\u2022 Multifeed Arroz<\/p>\n<p>\u2022 Multifeed Banano<\/p>\n<p>\u2022 Multifeed Caf\u00e9<\/p>\n<p>\u2022 Multifeed Cruc\u00edferas<\/p>\n<p>\u2022 Multifeed Cucurbit\u00e1ceas<\/p>\n<p>\u2022 Multifeed Frutas Tropicales<\/p>\n<p>\u2022 Multifeed Gram\u00edneas<\/p>\n<p>\u2022 Multifeed Hortalizas de Ra\u00edz<\/p>\n<p>\u2022 Multifeed Leguminosas<\/p>\n<p>\u2022 Multifeed Lili\u00e1ceas<\/p>\n<p>\u2022 Multifeed Ma\u00edz<\/p>\n<p>\u2022 Multifeed Papas<\/p>\n<p>\u2022 Multifeed Tomate<\/p>\n<p><strong>PRESENTACIONES:<\/strong><\/p>\n<p>1KG, 12KG<\/p>\n<p><strong>CULTIVOS:<\/strong><\/p>\n<p>Arroz, Banano, Pl\u00e1tano, Caf\u00e9, Br\u00f3coli, Coliflor, Col de Bruselas, Repollo, Mel\u00f3n, Sand\u00eda, Pepino, Guicoy, Pi\u00f1a, Papaya, Mango, Palto, Ca\u00f1a de Az\u00facar, Pastos, Zanahoria, Remolacha, R\u00e1bano, Nabo, Arveja, Frijol, Vainita, Soya, Cebolla, Ajo, Puerro, Ma\u00edz, Sorgo, Papa, Tomate, Chile<\/p>\n<\/div><\/section><br \/>\n<div  style='height:30px' class='hr hr-invisible   avia-builder-el-7  el_after_av_textblock  el_before_av_button '><span class='hr-inner ' ><span class='hr-inner-style'><\/span><\/span><\/div><br \/>\n<div  class='avia-button-wrap avia-button-left  avia-builder-el-8  el_after_av_hr  el_before_av_button ' ><a href='https:\/\/duwest.com\/cotizar\/?producto=Multi Feed Gram\u00edneas'  class='avia-button  avia-color-theme-color   avia-icon_select-no avia-size-small avia-position-left '   ><span class='avia_iconbox_title' >Pide m\u00e1s informaci\u00f3n de este producto aqu\u00ed.<\/span><\/a><\/div><br \/>\n<div  class='avia-button-wrap avia-button-left  avia-builder-el-9  el_after_av_button  el_before_av_button ' ><a href='https:\/\/duwest.com\/wp-content\/uploads\/2021\/02\/Multi-Feed.pdf' class='avia-button   avia-icon_select-yes-left-icon avia-size-small avia-position-left ' target=\"_blank\" rel=\"noopener noreferrer\" style='background-color:#0071bc; border-color:#0071bc; color:#ffffff; '><span class='avia_button_icon avia_button_icon_left ' aria-hidden='true' data-av_icon='\ue82d' data-av_iconfont='entypo-fontello'><\/span><span class='avia_iconbox_title' >Ver Panfleto<\/span><\/a><\/div><br \/>\n<div  class='avia-button-wrap avia-button-left  avia-builder-el-10  el_after_av_button  avia-builder-el-last ' ><a href='https:\/\/duwest.com\/wp-content\/uploads\/2021\/02\/Multi-Feed.pdf' class='avia-button   avia-icon_select-yes-left-icon avia-size-small avia-position-left ' target=\"_blank\" rel=\"noopener noreferrer\" style='background-color:#a5a5a5; border-color:#a5a5a5; color:#ffffff; '><span class='avia_button_icon avia_button_icon_left ' aria-hidden='true' data-av_icon='\ue83e' data-av_iconfont='entypo-fontello'><\/span><span class='avia_iconbox_title' >Ver hoja de seguridad<\/span><\/a><\/div><\/p><\/div><\/div><!--close column table wrapper. Autoclose: 1 -->\n","protected":false},"excerpt":{"rendered":"","protected":false},"author":2,"featured_media":2524,"parent":0,"menu_order":0,"comment_status":"open","ping_status":"open","template":"","format":"standard","meta":[],"protecciondecultivos":[191],"_links":{"self":[{"href":"https:\/\/duwest.com\/honduras\/wp-json\/wp\/v2\/product\/961"}],"collection":[{"href":"https:\/\/duwest.com\/honduras\/wp-json\/wp\/v2\/product"}],"about":[{"href":"https:\/\/duwest.com\/honduras\/wp-json\/wp\/v2\/types\/product"}],"author":[{"embeddable":true,"href":"https:\/\/duwest.com\/honduras\/wp-json\/wp\/v2\/users\/2"}],"replies":[{"embeddable":true,"href":"https:\/\/duwest.com\/honduras\/wp-json\/wp\/v2\/comments?post=961"}],"version-history":[{"count":0,"href":"https:\/\/duwest.com\/honduras\/wp-json\/wp\/v2\/product\/961\/revisions"}],"wp:featuredmedia":[{"embeddable":true,"href":"https:\/\/duwest.com\/honduras\/wp-json\/wp\/v2\/media\/2524"}],"wp:attachment":[{"href":"https:\/\/duwest.com\/honduras\/wp-json\/wp\/v2\/media?parent=961"}],"wp:term":[{"taxonomy":"protecciondecultivos","embeddable":true,"href":"https:\/\/duwest.com\/honduras\/wp-json\/wp\/v2\/protecciondecultivos?post=961"}],"curies":[{"name":"wp","href":"https:\/\/api.w.org\/{rel}","templated":true}]}}